{"id":1715,"date":"2026-03-06T16:57:44","date_gmt":"2026-03-06T21:57:44","guid":{"rendered":"https:\/\/prensavideo.com\/?page_id=1715"},"modified":"2026-03-06T18:29:06","modified_gmt":"2026-03-06T23:29:06","slug":"politica-de-privacidad","status":"publish","type":"page","link":"https:\/\/prensavideo.com\/?page_id=1715","title":{"rendered":"Pol\u00edtica de Privacidad"},"content":{"rendered":"\n<p>Pol\u00edtica de Privacidad \u2013 Prensa VideoPrensa Video respeta la privacidad de sus usuarios. Esta pol\u00edtica describe c\u00f3mo recopilamos, utilizamos y protegemos la informaci\u00f3n que los visitantes proporcionan al utilizar nuestro sitio web.<\/p>\n\n\n\n<p>Informaci\u00f3n que recopilamos<\/p>\n\n\n\n<p>Podemos recopilar informaci\u00f3n personal como nombre, direcci\u00f3n de correo electr\u00f3nico u otros datos cuando el usuario se comunica con nosotros o utiliza formularios disponibles en el sitio.<\/p>\n\n\n\n<p>Uso de la informaci\u00f3n<\/p>\n\n\n\n<p>La informaci\u00f3n recopilada se utiliza para mejorar nuestros servicios, responder consultas y ofrecer una mejor experiencia a los usuarios.<\/p>\n\n\n\n<p>Cookies<\/p>\n\n\n\n<p>Nuestro sitio web puede utilizar cookies para mejorar la experiencia del usuario. Estas cookies permiten reconocer el navegador y recopilar informaci\u00f3n estad\u00edstica sobre el uso del sitio.<\/p>\n\n\n\n<p>Publicidad<\/p>\n\n\n\n<p>Este sitio puede mostrar anuncios proporcionados por terceros, incluyendo Google AdSense, que pueden utilizar cookies para mostrar anuncios relevantes a los usuarios.<\/p>\n\n\n\n<p>Enlaces a terceros<\/p>\n\n\n\n<p>Nuestro sitio puede contener enlaces a otros sitios web. No somos responsables de las pr\u00e1cticas de privacidad de dichos sitios.<\/p>\n\n\n\n<p>Consentimiento<\/p>\n\n\n\n<p>Al utilizar nuestro sitio web, usted acepta los t\u00e9rminos de esta pol\u00edtica de privacidad.<\/p>\n","protected":false},"excerpt":{"rendered":"<p>Pol\u00edtica de Privacidad \u2013 Prensa VideoPrensa Video respeta la privacidad de sus usuarios. Esta pol\u00edtica describe c\u00f3mo recopilamos,<\/p>\n","protected":false},"author":1,"featured_media":0,"parent":0,"menu_order":0,"comment_status":"closed","ping_status":"closed","template":"","meta":{"footnotes":""},"class_list":["post-1715","page","type-page","status-publish","hentry"],"yoast_head":"<!-- This site is optimized with the Yoast SEO plugin v27.2 - https:\/\/yoast.com\/product\/yoast-seo-wordpress\/ -->\n<title>Pol\u00edtica de Privacidad - PRENSA VIDEO<\/title>\n<meta name=\"robots\" content=\"index, follow, max-snippet:-1, max-image-preview:large, max-video-preview:-1\" \/>\n<link rel=\"canonical\" href=\"https:\/\/prensavideo.com\/?page_id=1715\" \/>\n<meta property=\"og:locale\" content=\"es_ES\" \/>\n<meta property=\"og:type\" content=\"article\" \/>\n<meta property=\"og:title\" content=\"Pol\u00edtica de Privacidad - PRENSA VIDEO\" \/>\n<meta property=\"og:description\" content=\"Pol\u00edtica de Privacidad \u2013 Prensa VideoPrensa Video respeta la privacidad de sus usuarios. Esta pol\u00edtica describe c\u00f3mo recopilamos,\" \/>\n<meta property=\"og:url\" content=\"https:\/\/prensavideo.com\/?page_id=1715\" \/>\n<meta property=\"og:site_name\" content=\"PRENSA VIDEO\" \/>\n<meta property=\"article:modified_time\" content=\"2026-03-06T23:29:06+00:00\" \/>\n<meta property=\"og:image\" content=\"https:\/\/prensavideo.com\/wp-content\/uploads\/2026\/03\/cropped-PRENSA-VIDEO-2.png\" \/>\n\t<meta property=\"og:image:width\" content=\"2016\" \/>\n\t<meta property=\"og:image:height\" content=\"1139\" \/>\n\t<meta property=\"og:image:type\" content=\"image\/png\" \/>\n<meta name=\"twitter:card\" content=\"summary_large_image\" \/>\n<meta name=\"twitter:label1\" content=\"Tiempo de lectura\" \/>\n\t<meta name=\"twitter:data1\" content=\"1 minuto\" \/>\n<script type=\"application\/ld+json\" class=\"yoast-schema-graph\">{\"@context\":\"https:\/\/schema.org\",\"@graph\":[{\"@type\":\"WebPage\",\"@id\":\"https:\/\/prensavideo.com\/?page_id=1715\",\"url\":\"https:\/\/prensavideo.com\/?page_id=1715\",\"name\":\"Pol\u00edtica de Privacidad - PRENSA VIDEO\",\"isPartOf\":{\"@id\":\"https:\/\/prensavideo.com\/#website\"},\"datePublished\":\"2026-03-06T21:57:44+00:00\",\"dateModified\":\"2026-03-06T23:29:06+00:00\",\"breadcrumb\":{\"@id\":\"https:\/\/prensavideo.com\/?page_id=1715#breadcrumb\"},\"inLanguage\":\"es\",\"potentialAction\":[{\"@type\":\"ReadAction\",\"target\":[\"https:\/\/prensavideo.com\/?page_id=1715\"]}]},{\"@type\":\"BreadcrumbList\",\"@id\":\"https:\/\/prensavideo.com\/?page_id=1715#breadcrumb\",\"itemListElement\":[{\"@type\":\"ListItem\",\"position\":1,\"name\":\"Portada\",\"item\":\"https:\/\/prensavideo.com\/\"},{\"@type\":\"ListItem\",\"position\":2,\"name\":\"Pol\u00edtica de Privacidad\"}]},{\"@type\":\"WebSite\",\"@id\":\"https:\/\/prensavideo.com\/#website\",\"url\":\"https:\/\/prensavideo.com\/\",\"name\":\"PRENSA VIDEO\",\"description\":\"Medio de comunicaci\u00f3n\",\"alternateName\":\"Prensa Video LLC\",\"potentialAction\":[{\"@type\":\"SearchAction\",\"target\":{\"@type\":\"EntryPoint\",\"urlTemplate\":\"https:\/\/prensavideo.com\/?s={search_term_string}\"},\"query-input\":{\"@type\":\"PropertyValueSpecification\",\"valueRequired\":true,\"valueName\":\"search_term_string\"}}],\"inLanguage\":\"es\"}]}<\/script>\n<!-- \/ Yoast SEO plugin. -->","yoast_head_json":{"title":"Pol\u00edtica de Privacidad - PRENSA VIDEO","robots":{"index":"index","follow":"follow","max-snippet":"max-snippet:-1","max-image-preview":"max-image-preview:large","max-video-preview":"max-video-preview:-1"},"canonical":"https:\/\/prensavideo.com\/?page_id=1715","og_locale":"es_ES","og_type":"article","og_title":"Pol\u00edtica de Privacidad - PRENSA VIDEO","og_description":"Pol\u00edtica de Privacidad \u2013 Prensa VideoPrensa Video respeta la privacidad de sus usuarios. Esta pol\u00edtica describe c\u00f3mo recopilamos,","og_url":"https:\/\/prensavideo.com\/?page_id=1715","og_site_name":"PRENSA VIDEO","article_modified_time":"2026-03-06T23:29:06+00:00","og_image":[{"width":2016,"height":1139,"url":"https:\/\/prensavideo.com\/wp-content\/uploads\/2026\/03\/cropped-PRENSA-VIDEO-2.png","type":"image\/png"}],"twitter_card":"summary_large_image","twitter_misc":{"Tiempo de lectura":"1 minuto"},"schema":{"@context":"https:\/\/schema.org","@graph":[{"@type":"WebPage","@id":"https:\/\/prensavideo.com\/?page_id=1715","url":"https:\/\/prensavideo.com\/?page_id=1715","name":"Pol\u00edtica de Privacidad - PRENSA VIDEO","isPartOf":{"@id":"https:\/\/prensavideo.com\/#website"},"datePublished":"2026-03-06T21:57:44+00:00","dateModified":"2026-03-06T23:29:06+00:00","breadcrumb":{"@id":"https:\/\/prensavideo.com\/?page_id=1715#breadcrumb"},"inLanguage":"es","potentialAction":[{"@type":"ReadAction","target":["https:\/\/prensavideo.com\/?page_id=1715"]}]},{"@type":"BreadcrumbList","@id":"https:\/\/prensavideo.com\/?page_id=1715#breadcrumb","itemListElement":[{"@type":"ListItem","position":1,"name":"Portada","item":"https:\/\/prensavideo.com\/"},{"@type":"ListItem","position":2,"name":"Pol\u00edtica de Privacidad"}]},{"@type":"WebSite","@id":"https:\/\/prensavideo.com\/#website","url":"https:\/\/prensavideo.com\/","name":"PRENSA VIDEO","description":"Medio de comunicaci\u00f3n","alternateName":"Prensa Video LLC","potentialAction":[{"@type":"SearchAction","target":{"@type":"EntryPoint","urlTemplate":"https:\/\/prensavideo.com\/?s={search_term_string}"},"query-input":{"@type":"PropertyValueSpecification","valueRequired":true,"valueName":"search_term_string"}}],"inLanguage":"es"}]}},"_links":{"self":[{"href":"https:\/\/prensavideo.com\/index.php?rest_route=\/wp\/v2\/pages\/1715","targetHints":{"allow":["GET"]}}],"collection":[{"href":"https:\/\/prensavideo.com\/index.php?rest_route=\/wp\/v2\/pages"}],"about":[{"href":"https:\/\/prensavideo.com\/index.php?rest_route=\/wp\/v2\/types\/page"}],"author":[{"embeddable":true,"href":"https:\/\/prensavideo.com\/index.php?rest_route=\/wp\/v2\/users\/1"}],"replies":[{"embeddable":true,"href":"https:\/\/prensavideo.com\/index.php?rest_route=%2Fwp%2Fv2%2Fcomments&post=1715"}],"version-history":[{"count":1,"href":"https:\/\/prensavideo.com\/index.php?rest_route=\/wp\/v2\/pages\/1715\/revisions"}],"predecessor-version":[{"id":1716,"href":"https:\/\/prensavideo.com\/index.php?rest_route=\/wp\/v2\/pages\/1715\/revisions\/1716"}],"wp:attachment":[{"href":"https:\/\/prensavideo.com\/index.php?rest_route=%2Fwp%2Fv2%2Fmedia&parent=1715"}],"curies":[{"name":"wp","href":"https:\/\/api.w.org\/{rel}","templated":true}]}}