{"id":1709,"date":"2026-03-06T04:38:36","date_gmt":"2026-03-06T09:38:36","guid":{"rendered":"https:\/\/prensavideo.com\/?page_id=1709"},"modified":"2026-03-06T04:40:50","modified_gmt":"2026-03-06T09:40:50","slug":"nosotros","status":"publish","type":"page","link":"https:\/\/prensavideo.com\/?page_id=1709","title":{"rendered":"NOSOTROS"},"content":{"rendered":"\n<figure class=\"wp-block-image alignfull size-large\"><img loading=\"lazy\" decoding=\"async\" width=\"1024\" height=\"569\" src=\"https:\/\/prensavideo.com\/wp-content\/uploads\/2026\/03\/img_2446-1024x569.png\" class=\"wp-image-1708\" srcset=\"https:\/\/prensavideo.com\/wp-content\/uploads\/2026\/03\/img_2446-1024x569.png 1024w, https:\/\/prensavideo.com\/wp-content\/uploads\/2026\/03\/img_2446-300x167.png 300w, https:\/\/prensavideo.com\/wp-content\/uploads\/2026\/03\/img_2446-768x427.png 768w, https:\/\/prensavideo.com\/wp-content\/uploads\/2026\/03\/img_2446-1536x854.png 1536w, https:\/\/prensavideo.com\/wp-content\/uploads\/2026\/03\/img_2446.png 2000w\" sizes=\"auto, (max-width: 1024px) 100vw, 1024px\" \/><\/figure>\n\n\n\n<p class=\"p1\"><strong>Nosotros \u2013 Prensa Video<\/strong><\/p>\n\n\n\n<p class=\"p3\"><strong>Historia<\/strong><\/p>\n\n\n\n<p class=\"p3\">Prensa Video naci\u00f3 en 2015 como una idea en la mente de su director y propietario, Jos\u00e9 Rosario. Desde entonces, el proyecto ha ido perfeccionando cada detalle con visi\u00f3n de futuro, evolucionando paso a paso hasta convertirse en un medio digital de noticias confiable y profesional. Durante este tiempo, ha emitido contenido de colaboraci\u00f3n para otros medios, consolid\u00e1ndose y adapt\u00e1ndose a los nuevos tiempos de la informaci\u00f3n digital.<\/p>\n\n\n\n<p class=\"p3\"><strong>Misi\u00f3n<\/strong><\/p>\n\n\n\n<p class=\"p3\">Brindar noticias veraces, oportunas y de calidad, combinando la creatividad con el compromiso social, para mantener a nuestra audiencia informada y empoderada.<\/p>\n\n\n\n<p class=\"p3\"><strong>Visi\u00f3n<\/strong><\/p>\n\n\n\n<p class=\"p3\">Ser un medio digital de referencia, reconocido por su profesionalismo, transparencia y capacidad de innovar en la forma de comunicar noticias en la Rep\u00fablica Dominicana y el mundo.<\/p>\n\n\n\n<p class=\"p3\"><strong>Valores<\/strong><\/p>\n\n\n\n<p class=\"p1\">Veracidad: Publicamos solo informaci\u00f3n confirmada y confiable. Transparencia: Mostramos c\u00f3mo trabajamos y corregimos errores de manera clara. Responsabilidad: Evitamos la desinformaci\u00f3n y respetamos la dignidad de las personas. Innovaci\u00f3n: Adaptamos la comunicaci\u00f3n a las nuevas tendencias digitales.<\/p>\n\n\n\n<p class=\"p3\"><strong>Compromiso Editorial<\/strong><\/p>\n\n\n\n<p class=\"p3\">En Prensa Video, cada noticia pasa por un proceso de verificaci\u00f3n riguroso antes de su publicaci\u00f3n. Mantenemos independencia editorial y garantizamos la calidad de nuestros reportajes, audios y videos. Adem\u00e1s, identificamos claramente cualquier contenido patrocinado, asegurando la distinci\u00f3n entre publicidad y periodismo.<\/p>\n","protected":false},"excerpt":{"rendered":"<p>Nosotros \u2013 Prensa Video Historia Prensa Video naci\u00f3 en 2015 como una idea en la mente de su<\/p>\n","protected":false},"author":1,"featured_media":0,"parent":0,"menu_order":0,"comment_status":"closed","ping_status":"closed","template":"","meta":{"footnotes":""},"class_list":["post-1709","page","type-page","status-publish","hentry"],"yoast_head":"<!-- This site is optimized with the Yoast SEO plugin v27.2 - https:\/\/yoast.com\/product\/yoast-seo-wordpress\/ -->\n<title>NOSOTROS - PRENSA VIDEO<\/title>\n<meta name=\"robots\" content=\"index, follow, max-snippet:-1, max-image-preview:large, max-video-preview:-1\" \/>\n<link rel=\"canonical\" href=\"https:\/\/prensavideo.com\/?page_id=1709\" \/>\n<meta property=\"og:locale\" content=\"es_ES\" \/>\n<meta property=\"og:type\" content=\"article\" \/>\n<meta property=\"og:title\" content=\"NOSOTROS - PRENSA VIDEO\" \/>\n<meta property=\"og:description\" content=\"Nosotros \u2013 Prensa Video Historia Prensa Video naci\u00f3 en 2015 como una idea en la mente de su\" \/>\n<meta property=\"og:url\" content=\"https:\/\/prensavideo.com\/?page_id=1709\" \/>\n<meta property=\"og:site_name\" content=\"PRENSA VIDEO\" \/>\n<meta property=\"article:modified_time\" content=\"2026-03-06T09:40:50+00:00\" \/>\n<meta property=\"og:image\" content=\"https:\/\/prensavideo.com\/wp-content\/uploads\/2026\/03\/img_2446-1024x569.png\" \/>\n<meta name=\"twitter:card\" content=\"summary_large_image\" \/>\n<meta name=\"twitter:label1\" content=\"Tiempo de lectura\" \/>\n\t<meta name=\"twitter:data1\" content=\"1 minuto\" \/>\n<script type=\"application\/ld+json\" class=\"yoast-schema-graph\">{\"@context\":\"https:\/\/schema.org\",\"@graph\":[{\"@type\":\"WebPage\",\"@id\":\"https:\/\/prensavideo.com\/?page_id=1709\",\"url\":\"https:\/\/prensavideo.com\/?page_id=1709\",\"name\":\"NOSOTROS - PRENSA VIDEO\",\"isPartOf\":{\"@id\":\"https:\/\/prensavideo.com\/#website\"},\"primaryImageOfPage\":{\"@id\":\"https:\/\/prensavideo.com\/?page_id=1709#primaryimage\"},\"image\":{\"@id\":\"https:\/\/prensavideo.com\/?page_id=1709#primaryimage\"},\"thumbnailUrl\":\"https:\/\/prensavideo.com\/wp-content\/uploads\/2026\/03\/img_2446-1024x569.png\",\"datePublished\":\"2026-03-06T09:38:36+00:00\",\"dateModified\":\"2026-03-06T09:40:50+00:00\",\"breadcrumb\":{\"@id\":\"https:\/\/prensavideo.com\/?page_id=1709#breadcrumb\"},\"inLanguage\":\"es\",\"potentialAction\":[{\"@type\":\"ReadAction\",\"target\":[\"https:\/\/prensavideo.com\/?page_id=1709\"]}]},{\"@type\":\"ImageObject\",\"inLanguage\":\"es\",\"@id\":\"https:\/\/prensavideo.com\/?page_id=1709#primaryimage\",\"url\":\"https:\/\/prensavideo.com\/wp-content\/uploads\/2026\/03\/img_2446.png\",\"contentUrl\":\"https:\/\/prensavideo.com\/wp-content\/uploads\/2026\/03\/img_2446.png\",\"width\":2000,\"height\":1112},{\"@type\":\"BreadcrumbList\",\"@id\":\"https:\/\/prensavideo.com\/?page_id=1709#breadcrumb\",\"itemListElement\":[{\"@type\":\"ListItem\",\"position\":1,\"name\":\"Portada\",\"item\":\"https:\/\/prensavideo.com\/\"},{\"@type\":\"ListItem\",\"position\":2,\"name\":\"NOSOTROS\"}]},{\"@type\":\"WebSite\",\"@id\":\"https:\/\/prensavideo.com\/#website\",\"url\":\"https:\/\/prensavideo.com\/\",\"name\":\"PRENSA VIDEO\",\"description\":\"Medio de comunicaci\u00f3n\",\"alternateName\":\"Prensa Video LLC\",\"potentialAction\":[{\"@type\":\"SearchAction\",\"target\":{\"@type\":\"EntryPoint\",\"urlTemplate\":\"https:\/\/prensavideo.com\/?s={search_term_string}\"},\"query-input\":{\"@type\":\"PropertyValueSpecification\",\"valueRequired\":true,\"valueName\":\"search_term_string\"}}],\"inLanguage\":\"es\"}]}<\/script>\n<!-- \/ Yoast SEO plugin. -->","yoast_head_json":{"title":"NOSOTROS - PRENSA VIDEO","robots":{"index":"index","follow":"follow","max-snippet":"max-snippet:-1","max-image-preview":"max-image-preview:large","max-video-preview":"max-video-preview:-1"},"canonical":"https:\/\/prensavideo.com\/?page_id=1709","og_locale":"es_ES","og_type":"article","og_title":"NOSOTROS - PRENSA VIDEO","og_description":"Nosotros \u2013 Prensa Video Historia Prensa Video naci\u00f3 en 2015 como una idea en la mente de su","og_url":"https:\/\/prensavideo.com\/?page_id=1709","og_site_name":"PRENSA VIDEO","article_modified_time":"2026-03-06T09:40:50+00:00","og_image":[{"url":"https:\/\/prensavideo.com\/wp-content\/uploads\/2026\/03\/img_2446-1024x569.png","type":"","width":"","height":""}],"twitter_card":"summary_large_image","twitter_misc":{"Tiempo de lectura":"1 minuto"},"schema":{"@context":"https:\/\/schema.org","@graph":[{"@type":"WebPage","@id":"https:\/\/prensavideo.com\/?page_id=1709","url":"https:\/\/prensavideo.com\/?page_id=1709","name":"NOSOTROS - PRENSA VIDEO","isPartOf":{"@id":"https:\/\/prensavideo.com\/#website"},"primaryImageOfPage":{"@id":"https:\/\/prensavideo.com\/?page_id=1709#primaryimage"},"image":{"@id":"https:\/\/prensavideo.com\/?page_id=1709#primaryimage"},"thumbnailUrl":"https:\/\/prensavideo.com\/wp-content\/uploads\/2026\/03\/img_2446-1024x569.png","datePublished":"2026-03-06T09:38:36+00:00","dateModified":"2026-03-06T09:40:50+00:00","breadcrumb":{"@id":"https:\/\/prensavideo.com\/?page_id=1709#breadcrumb"},"inLanguage":"es","potentialAction":[{"@type":"ReadAction","target":["https:\/\/prensavideo.com\/?page_id=1709"]}]},{"@type":"ImageObject","inLanguage":"es","@id":"https:\/\/prensavideo.com\/?page_id=1709#primaryimage","url":"https:\/\/prensavideo.com\/wp-content\/uploads\/2026\/03\/img_2446.png","contentUrl":"https:\/\/prensavideo.com\/wp-content\/uploads\/2026\/03\/img_2446.png","width":2000,"height":1112},{"@type":"BreadcrumbList","@id":"https:\/\/prensavideo.com\/?page_id=1709#breadcrumb","itemListElement":[{"@type":"ListItem","position":1,"name":"Portada","item":"https:\/\/prensavideo.com\/"},{"@type":"ListItem","position":2,"name":"NOSOTROS"}]},{"@type":"WebSite","@id":"https:\/\/prensavideo.com\/#website","url":"https:\/\/prensavideo.com\/","name":"PRENSA VIDEO","description":"Medio de comunicaci\u00f3n","alternateName":"Prensa Video LLC","potentialAction":[{"@type":"SearchAction","target":{"@type":"EntryPoint","urlTemplate":"https:\/\/prensavideo.com\/?s={search_term_string}"},"query-input":{"@type":"PropertyValueSpecification","valueRequired":true,"valueName":"search_term_string"}}],"inLanguage":"es"}]}},"_links":{"self":[{"href":"https:\/\/prensavideo.com\/index.php?rest_route=\/wp\/v2\/pages\/1709","targetHints":{"allow":["GET"]}}],"collection":[{"href":"https:\/\/prensavideo.com\/index.php?rest_route=\/wp\/v2\/pages"}],"about":[{"href":"https:\/\/prensavideo.com\/index.php?rest_route=\/wp\/v2\/types\/page"}],"author":[{"embeddable":true,"href":"https:\/\/prensavideo.com\/index.php?rest_route=\/wp\/v2\/users\/1"}],"replies":[{"embeddable":true,"href":"https:\/\/prensavideo.com\/index.php?rest_route=%2Fwp%2Fv2%2Fcomments&post=1709"}],"version-history":[{"count":1,"href":"https:\/\/prensavideo.com\/index.php?rest_route=\/wp\/v2\/pages\/1709\/revisions"}],"predecessor-version":[{"id":1710,"href":"https:\/\/prensavideo.com\/index.php?rest_route=\/wp\/v2\/pages\/1709\/revisions\/1710"}],"wp:attachment":[{"href":"https:\/\/prensavideo.com\/index.php?rest_route=%2Fwp%2Fv2%2Fmedia&parent=1709"}],"curies":[{"name":"wp","href":"https:\/\/api.w.org\/{rel}","templated":true}]}}