{"id":1702,"date":"2026-03-06T04:17:20","date_gmt":"2026-03-06T09:17:20","guid":{"rendered":"https:\/\/prensavideo.com\/?page_id=1702"},"modified":"2026-03-06T04:21:25","modified_gmt":"2026-03-06T09:21:25","slug":"director","status":"publish","type":"page","link":"https:\/\/prensavideo.com\/?page_id=1702","title":{"rendered":"DIRECTOR"},"content":{"rendered":"\n<figure class=\"wp-block-image aligncenter size-large\"><img loading=\"lazy\" decoding=\"async\" width=\"716\" height=\"434\" src=\"https:\/\/prensavideo.com\/wp-content\/uploads\/2026\/03\/image-1.jpg\" class=\"wp-image-1701\" srcset=\"https:\/\/prensavideo.com\/wp-content\/uploads\/2026\/03\/image-1.jpg 716w, https:\/\/prensavideo.com\/wp-content\/uploads\/2026\/03\/image-1-300x182.jpg 300w\" sizes=\"auto, (max-width: 716px) 100vw, 716px\" \/><figcaption class=\"wp-element-caption\"><br>Director: Jos\u00e9 Rosario<br><br><br>Jos\u00e9 Rosario es un comunicador con amplia experiencia en medios de comunicaci\u00f3n en la Rep\u00fablica Dominicana, abarcando radio, televisi\u00f3n y producci\u00f3n audiovisual. Su trayectoria combina habilidades en locuci\u00f3n, producci\u00f3n y edici\u00f3n, aportando profesionalismo y liderazgo al equipo de Prensa Video.<br><br><br>Trayectoria profesional destacada:<br>Animador de radio: Turismo FM 98.7 (2004)<br>Locutor: La Kalle FM 96.3 (2010)<br>Colaborador: Red Nacional de Comunicadores Dominicanos (2018)<br><br>Control Master de emisoras: Radio Real 1310 AM<br>Voz en off \/ voz comercial (voz over): Programas de televisi\u00f3n local y proyectos audiovisuales<br>Editor de audio y video: Producci\u00f3n de contenido multimedia para radio, TV y plataformas digitales<br><br><br>Con su liderazgo, Jos\u00e9 Rosario garantiza que Prensa Video produzca contenido veraz, de calidad y con est\u00e1ndares profesionales, tanto en la narraci\u00f3n como en la edici\u00f3n audiovisual.<\/figcaption><\/figure>\n","protected":false},"excerpt":{"rendered":"","protected":false},"author":1,"featured_media":0,"parent":0,"menu_order":0,"comment_status":"closed","ping_status":"closed","template":"","meta":{"footnotes":""},"class_list":["post-1702","page","type-page","status-publish","hentry"],"yoast_head":"<!-- This site is optimized with the Yoast SEO plugin v27.2 - https:\/\/yoast.com\/product\/yoast-seo-wordpress\/ -->\n<title>DIRECTOR - PRENSA VIDEO<\/title>\n<meta name=\"robots\" content=\"index, follow, max-snippet:-1, max-image-preview:large, max-video-preview:-1\" \/>\n<link rel=\"canonical\" href=\"https:\/\/prensavideo.com\/?page_id=1702\" \/>\n<meta property=\"og:locale\" content=\"es_ES\" \/>\n<meta property=\"og:type\" content=\"article\" \/>\n<meta property=\"og:title\" content=\"DIRECTOR - PRENSA VIDEO\" \/>\n<meta property=\"og:url\" content=\"https:\/\/prensavideo.com\/?page_id=1702\" \/>\n<meta property=\"og:site_name\" content=\"PRENSA VIDEO\" \/>\n<meta property=\"article:modified_time\" content=\"2026-03-06T09:21:25+00:00\" \/>\n<meta property=\"og:image\" content=\"https:\/\/prensavideo.com\/wp-content\/uploads\/2026\/03\/image-1.jpg\" \/>\n<meta name=\"twitter:card\" content=\"summary_large_image\" \/>\n<meta name=\"twitter:label1\" content=\"Tiempo de lectura\" \/>\n\t<meta name=\"twitter:data1\" content=\"1 minuto\" \/>\n<script type=\"application\/ld+json\" class=\"yoast-schema-graph\">{\"@context\":\"https:\/\/schema.org\",\"@graph\":[{\"@type\":\"WebPage\",\"@id\":\"https:\/\/prensavideo.com\/?page_id=1702\",\"url\":\"https:\/\/prensavideo.com\/?page_id=1702\",\"name\":\"DIRECTOR - PRENSA VIDEO\",\"isPartOf\":{\"@id\":\"https:\/\/prensavideo.com\/#website\"},\"primaryImageOfPage\":{\"@id\":\"https:\/\/prensavideo.com\/?page_id=1702#primaryimage\"},\"image\":{\"@id\":\"https:\/\/prensavideo.com\/?page_id=1702#primaryimage\"},\"thumbnailUrl\":\"https:\/\/prensavideo.com\/wp-content\/uploads\/2026\/03\/image-1.jpg\",\"datePublished\":\"2026-03-06T09:17:20+00:00\",\"dateModified\":\"2026-03-06T09:21:25+00:00\",\"breadcrumb\":{\"@id\":\"https:\/\/prensavideo.com\/?page_id=1702#breadcrumb\"},\"inLanguage\":\"es\",\"potentialAction\":[{\"@type\":\"ReadAction\",\"target\":[\"https:\/\/prensavideo.com\/?page_id=1702\"]}]},{\"@type\":\"ImageObject\",\"inLanguage\":\"es\",\"@id\":\"https:\/\/prensavideo.com\/?page_id=1702#primaryimage\",\"url\":\"https:\/\/prensavideo.com\/wp-content\/uploads\/2026\/03\/image-1.jpg\",\"contentUrl\":\"https:\/\/prensavideo.com\/wp-content\/uploads\/2026\/03\/image-1.jpg\",\"width\":716,\"height\":434},{\"@type\":\"BreadcrumbList\",\"@id\":\"https:\/\/prensavideo.com\/?page_id=1702#breadcrumb\",\"itemListElement\":[{\"@type\":\"ListItem\",\"position\":1,\"name\":\"Portada\",\"item\":\"https:\/\/prensavideo.com\/\"},{\"@type\":\"ListItem\",\"position\":2,\"name\":\"DIRECTOR\"}]},{\"@type\":\"WebSite\",\"@id\":\"https:\/\/prensavideo.com\/#website\",\"url\":\"https:\/\/prensavideo.com\/\",\"name\":\"PRENSA VIDEO\",\"description\":\"Medio de comunicaci\u00f3n\",\"alternateName\":\"Prensa Video LLC\",\"potentialAction\":[{\"@type\":\"SearchAction\",\"target\":{\"@type\":\"EntryPoint\",\"urlTemplate\":\"https:\/\/prensavideo.com\/?s={search_term_string}\"},\"query-input\":{\"@type\":\"PropertyValueSpecification\",\"valueRequired\":true,\"valueName\":\"search_term_string\"}}],\"inLanguage\":\"es\"}]}<\/script>\n<!-- \/ Yoast SEO plugin. -->","yoast_head_json":{"title":"DIRECTOR - PRENSA VIDEO","robots":{"index":"index","follow":"follow","max-snippet":"max-snippet:-1","max-image-preview":"max-image-preview:large","max-video-preview":"max-video-preview:-1"},"canonical":"https:\/\/prensavideo.com\/?page_id=1702","og_locale":"es_ES","og_type":"article","og_title":"DIRECTOR - PRENSA VIDEO","og_url":"https:\/\/prensavideo.com\/?page_id=1702","og_site_name":"PRENSA VIDEO","article_modified_time":"2026-03-06T09:21:25+00:00","og_image":[{"url":"https:\/\/prensavideo.com\/wp-content\/uploads\/2026\/03\/image-1.jpg","type":"","width":"","height":""}],"twitter_card":"summary_large_image","twitter_misc":{"Tiempo de lectura":"1 minuto"},"schema":{"@context":"https:\/\/schema.org","@graph":[{"@type":"WebPage","@id":"https:\/\/prensavideo.com\/?page_id=1702","url":"https:\/\/prensavideo.com\/?page_id=1702","name":"DIRECTOR - PRENSA VIDEO","isPartOf":{"@id":"https:\/\/prensavideo.com\/#website"},"primaryImageOfPage":{"@id":"https:\/\/prensavideo.com\/?page_id=1702#primaryimage"},"image":{"@id":"https:\/\/prensavideo.com\/?page_id=1702#primaryimage"},"thumbnailUrl":"https:\/\/prensavideo.com\/wp-content\/uploads\/2026\/03\/image-1.jpg","datePublished":"2026-03-06T09:17:20+00:00","dateModified":"2026-03-06T09:21:25+00:00","breadcrumb":{"@id":"https:\/\/prensavideo.com\/?page_id=1702#breadcrumb"},"inLanguage":"es","potentialAction":[{"@type":"ReadAction","target":["https:\/\/prensavideo.com\/?page_id=1702"]}]},{"@type":"ImageObject","inLanguage":"es","@id":"https:\/\/prensavideo.com\/?page_id=1702#primaryimage","url":"https:\/\/prensavideo.com\/wp-content\/uploads\/2026\/03\/image-1.jpg","contentUrl":"https:\/\/prensavideo.com\/wp-content\/uploads\/2026\/03\/image-1.jpg","width":716,"height":434},{"@type":"BreadcrumbList","@id":"https:\/\/prensavideo.com\/?page_id=1702#breadcrumb","itemListElement":[{"@type":"ListItem","position":1,"name":"Portada","item":"https:\/\/prensavideo.com\/"},{"@type":"ListItem","position":2,"name":"DIRECTOR"}]},{"@type":"WebSite","@id":"https:\/\/prensavideo.com\/#website","url":"https:\/\/prensavideo.com\/","name":"PRENSA VIDEO","description":"Medio de comunicaci\u00f3n","alternateName":"Prensa Video LLC","potentialAction":[{"@type":"SearchAction","target":{"@type":"EntryPoint","urlTemplate":"https:\/\/prensavideo.com\/?s={search_term_string}"},"query-input":{"@type":"PropertyValueSpecification","valueRequired":true,"valueName":"search_term_string"}}],"inLanguage":"es"}]}},"_links":{"self":[{"href":"https:\/\/prensavideo.com\/index.php?rest_route=\/wp\/v2\/pages\/1702","targetHints":{"allow":["GET"]}}],"collection":[{"href":"https:\/\/prensavideo.com\/index.php?rest_route=\/wp\/v2\/pages"}],"about":[{"href":"https:\/\/prensavideo.com\/index.php?rest_route=\/wp\/v2\/types\/page"}],"author":[{"embeddable":true,"href":"https:\/\/prensavideo.com\/index.php?rest_route=\/wp\/v2\/users\/1"}],"replies":[{"embeddable":true,"href":"https:\/\/prensavideo.com\/index.php?rest_route=%2Fwp%2Fv2%2Fcomments&post=1702"}],"version-history":[{"count":2,"href":"https:\/\/prensavideo.com\/index.php?rest_route=\/wp\/v2\/pages\/1702\/revisions"}],"predecessor-version":[{"id":1704,"href":"https:\/\/prensavideo.com\/index.php?rest_route=\/wp\/v2\/pages\/1702\/revisions\/1704"}],"wp:attachment":[{"href":"https:\/\/prensavideo.com\/index.php?rest_route=%2Fwp%2Fv2%2Fmedia&parent=1702"}],"curies":[{"name":"wp","href":"https:\/\/api.w.org\/{rel}","templated":true}]}}