{"id":1694,"date":"2026-03-06T03:38:02","date_gmt":"2026-03-06T08:38:02","guid":{"rendered":"https:\/\/prensavideo.com\/?page_id=1694"},"modified":"2026-03-06T04:22:25","modified_gmt":"2026-03-06T09:22:25","slug":"compromiso-editorial-de-prensa-video","status":"publish","type":"page","link":"https:\/\/prensavideo.com\/?page_id=1694","title":{"rendered":"EDITORIAL"},"content":{"rendered":"\n<figure class=\"wp-block-image alignwide size-large\"><img decoding=\"async\" src=\"https:\/\/prensavideo.com\/wp-content\/uploads\/2026\/03\/%E2%84%A2-1024x569.png\" alt=\"\" class=\"wp-image-1705\"\/><\/figure>\n\n\n\n<div style=\"height:32px\" aria-hidden=\"true\" class=\"wp-block-spacer\"><\/div>\n\n\n\n<div class=\"wp-block-columns is-layout-flex wp-container-core-columns-is-layout-28f84493 wp-block-columns-is-layout-flex\">\n<div class=\"wp-block-column is-layout-flow wp-block-column-is-layout-flow\" style=\"flex-basis:33.33%\">\n<h2 class=\"wp-block-heading\">Compromiso Editorial de Prensa Video<\/h2>\n\n\n\n<div style=\"height:20px\" aria-hidden=\"true\" class=\"wp-block-spacer\"><\/div>\n<\/div>\n\n\n\n<div class=\"wp-block-column is-layout-flow wp-block-column-is-layout-flow\" style=\"flex-basis:66.66%\">\n<p>En Prensa Video estamos comprometidos con ofrecer informaci\u00f3n veraz, oportuna y responsable. Nuestro contenido informativo se basa en principios de transparencia, verificaci\u00f3n y respeto al p\u00fablico.<\/p>\n<\/div>\n<\/div>\n\n\n\n<div class=\"wp-block-columns is-layout-flex wp-container-core-columns-is-layout-28f84493 wp-block-columns-is-layout-flex\">\n<div class=\"wp-block-column is-layout-flow wp-block-column-is-layout-flow\" style=\"flex-basis:33.33%\">\n<h2 class=\"wp-block-heading\">Nuestros principios editoriales:<\/h2>\n\n\n\n<div style=\"height:20px\" aria-hidden=\"true\" class=\"wp-block-spacer\"><\/div>\n<\/div>\n\n\n\n<div class=\"wp-block-column is-layout-flow wp-block-column-is-layout-flow\" style=\"flex-basis:66.66%\">\n<h3 class=\"wp-block-heading\">Verificaci\u00f3n de la informaci\u00f3n<\/h3>\n\n\n\n<p class=\"p1\">Antes de publicar una noticia, nuestro equipo verifica los datos a trav\u00e9s de fuentes confiables, documentos oficiales o testimonios directos.<\/p>\n\n\n\n<div style=\"height:20px\" aria-hidden=\"true\" class=\"wp-block-spacer\"><\/div>\n\n\n\n<h3 class=\"wp-block-heading\">Independencia editorial<\/h3>\n\n\n\n<p>Prensa Video mantiene independencia en la cobertura informativa. Las opiniones o intereses externos no influyen en la l\u00ednea editorial del medio.<\/p>\n\n\n\n<hr class=\"wp-block-separator has-alpha-channel-opacity\"\/>\n\n\n\n<p><strong>Correcci\u00f3n de errores<\/strong><\/p>\n<\/div>\n<\/div>\n\n\n\n<p>Si se detecta alg\u00fan error en una publicaci\u00f3n, realizamos la correcci\u00f3n correspondiente de manera transparente.<\/p>\n\n\n\n<hr class=\"wp-block-separator has-alpha-channel-opacity\"\/>\n\n\n\n<h2 class=\"wp-block-heading\">Identificaci\u00f3n de contenido patrocinado<\/h2>\n\n\n\n<p>Cualquier contenido publicitario o patrocinado ser\u00e1 identificado claramente para diferenciarlo del contenido editorial.<\/p>\n\n\n\n<h2 class=\"wp-block-heading\">Respeto y responsabilidad<\/h2>\n\n\n\n<p>Nuestro medio promueve el respeto a la dignidad humana, evitando la difusi\u00f3n de informaci\u00f3n falsa, manipulada o que incite al odio.<\/p>\n","protected":false},"excerpt":{"rendered":"<p>Compromiso Editorial de Prensa Video En Prensa Video estamos comprometidos con ofrecer informaci\u00f3n veraz, oportuna y responsable. Nuestro<\/p>\n","protected":false},"author":1,"featured_media":0,"parent":0,"menu_order":0,"comment_status":"closed","ping_status":"closed","template":"","meta":{"footnotes":""},"class_list":["post-1694","page","type-page","status-publish","hentry"],"yoast_head":"<!-- This site is optimized with the Yoast SEO plugin v27.2 - https:\/\/yoast.com\/product\/yoast-seo-wordpress\/ -->\n<title>EDITORIAL - PRENSA VIDEO<\/title>\n<meta name=\"robots\" content=\"index, follow, max-snippet:-1, max-image-preview:large, max-video-preview:-1\" \/>\n<link rel=\"canonical\" href=\"https:\/\/prensavideo.com\/?page_id=1694\" \/>\n<meta property=\"og:locale\" content=\"es_ES\" \/>\n<meta property=\"og:type\" content=\"article\" \/>\n<meta property=\"og:title\" content=\"EDITORIAL - PRENSA VIDEO\" \/>\n<meta property=\"og:description\" content=\"Compromiso Editorial de Prensa Video En Prensa Video estamos comprometidos con ofrecer informaci\u00f3n veraz, oportuna y responsable. Nuestro\" \/>\n<meta property=\"og:url\" content=\"https:\/\/prensavideo.com\/?page_id=1694\" \/>\n<meta property=\"og:site_name\" content=\"PRENSA VIDEO\" \/>\n<meta property=\"article:modified_time\" content=\"2026-03-06T09:22:25+00:00\" \/>\n<meta property=\"og:image\" content=\"https:\/\/prensavideo.com\/wp-content\/uploads\/2026\/03\/%E2%84%A2-1024x569.png\" \/>\n<meta name=\"twitter:card\" content=\"summary_large_image\" \/>\n<meta name=\"twitter:label1\" content=\"Tiempo de lectura\" \/>\n\t<meta name=\"twitter:data1\" content=\"1 minuto\" \/>\n<script type=\"application\/ld+json\" class=\"yoast-schema-graph\">{\"@context\":\"https:\/\/schema.org\",\"@graph\":[{\"@type\":\"WebPage\",\"@id\":\"https:\/\/prensavideo.com\/?page_id=1694\",\"url\":\"https:\/\/prensavideo.com\/?page_id=1694\",\"name\":\"EDITORIAL - PRENSA VIDEO\",\"isPartOf\":{\"@id\":\"https:\/\/prensavideo.com\/#website\"},\"primaryImageOfPage\":{\"@id\":\"https:\/\/prensavideo.com\/?page_id=1694#primaryimage\"},\"image\":{\"@id\":\"https:\/\/prensavideo.com\/?page_id=1694#primaryimage\"},\"thumbnailUrl\":\"https:\/\/prensavideo.com\/wp-content\/uploads\/2026\/03\/%E2%84%A2-1024x569.png\",\"datePublished\":\"2026-03-06T08:38:02+00:00\",\"dateModified\":\"2026-03-06T09:22:25+00:00\",\"breadcrumb\":{\"@id\":\"https:\/\/prensavideo.com\/?page_id=1694#breadcrumb\"},\"inLanguage\":\"es\",\"potentialAction\":[{\"@type\":\"ReadAction\",\"target\":[\"https:\/\/prensavideo.com\/?page_id=1694\"]}]},{\"@type\":\"ImageObject\",\"inLanguage\":\"es\",\"@id\":\"https:\/\/prensavideo.com\/?page_id=1694#primaryimage\",\"url\":\"https:\/\/prensavideo.com\/wp-content\/uploads\/2026\/03\/\u2122.png\",\"contentUrl\":\"https:\/\/prensavideo.com\/wp-content\/uploads\/2026\/03\/\u2122.png\",\"width\":2000,\"height\":1112},{\"@type\":\"BreadcrumbList\",\"@id\":\"https:\/\/prensavideo.com\/?page_id=1694#breadcrumb\",\"itemListElement\":[{\"@type\":\"ListItem\",\"position\":1,\"name\":\"Portada\",\"item\":\"https:\/\/prensavideo.com\/\"},{\"@type\":\"ListItem\",\"position\":2,\"name\":\"EDITORIAL\"}]},{\"@type\":\"WebSite\",\"@id\":\"https:\/\/prensavideo.com\/#website\",\"url\":\"https:\/\/prensavideo.com\/\",\"name\":\"PRENSA VIDEO\",\"description\":\"Medio de comunicaci\u00f3n\",\"alternateName\":\"Prensa Video LLC\",\"potentialAction\":[{\"@type\":\"SearchAction\",\"target\":{\"@type\":\"EntryPoint\",\"urlTemplate\":\"https:\/\/prensavideo.com\/?s={search_term_string}\"},\"query-input\":{\"@type\":\"PropertyValueSpecification\",\"valueRequired\":true,\"valueName\":\"search_term_string\"}}],\"inLanguage\":\"es\"}]}<\/script>\n<!-- \/ Yoast SEO plugin. -->","yoast_head_json":{"title":"EDITORIAL - PRENSA VIDEO","robots":{"index":"index","follow":"follow","max-snippet":"max-snippet:-1","max-image-preview":"max-image-preview:large","max-video-preview":"max-video-preview:-1"},"canonical":"https:\/\/prensavideo.com\/?page_id=1694","og_locale":"es_ES","og_type":"article","og_title":"EDITORIAL - PRENSA VIDEO","og_description":"Compromiso Editorial de Prensa Video En Prensa Video estamos comprometidos con ofrecer informaci\u00f3n veraz, oportuna y responsable. Nuestro","og_url":"https:\/\/prensavideo.com\/?page_id=1694","og_site_name":"PRENSA VIDEO","article_modified_time":"2026-03-06T09:22:25+00:00","og_image":[{"url":"https:\/\/prensavideo.com\/wp-content\/uploads\/2026\/03\/%E2%84%A2-1024x569.png","type":"","width":"","height":""}],"twitter_card":"summary_large_image","twitter_misc":{"Tiempo de lectura":"1 minuto"},"schema":{"@context":"https:\/\/schema.org","@graph":[{"@type":"WebPage","@id":"https:\/\/prensavideo.com\/?page_id=1694","url":"https:\/\/prensavideo.com\/?page_id=1694","name":"EDITORIAL - PRENSA VIDEO","isPartOf":{"@id":"https:\/\/prensavideo.com\/#website"},"primaryImageOfPage":{"@id":"https:\/\/prensavideo.com\/?page_id=1694#primaryimage"},"image":{"@id":"https:\/\/prensavideo.com\/?page_id=1694#primaryimage"},"thumbnailUrl":"https:\/\/prensavideo.com\/wp-content\/uploads\/2026\/03\/%E2%84%A2-1024x569.png","datePublished":"2026-03-06T08:38:02+00:00","dateModified":"2026-03-06T09:22:25+00:00","breadcrumb":{"@id":"https:\/\/prensavideo.com\/?page_id=1694#breadcrumb"},"inLanguage":"es","potentialAction":[{"@type":"ReadAction","target":["https:\/\/prensavideo.com\/?page_id=1694"]}]},{"@type":"ImageObject","inLanguage":"es","@id":"https:\/\/prensavideo.com\/?page_id=1694#primaryimage","url":"https:\/\/prensavideo.com\/wp-content\/uploads\/2026\/03\/\u2122.png","contentUrl":"https:\/\/prensavideo.com\/wp-content\/uploads\/2026\/03\/\u2122.png","width":2000,"height":1112},{"@type":"BreadcrumbList","@id":"https:\/\/prensavideo.com\/?page_id=1694#breadcrumb","itemListElement":[{"@type":"ListItem","position":1,"name":"Portada","item":"https:\/\/prensavideo.com\/"},{"@type":"ListItem","position":2,"name":"EDITORIAL"}]},{"@type":"WebSite","@id":"https:\/\/prensavideo.com\/#website","url":"https:\/\/prensavideo.com\/","name":"PRENSA VIDEO","description":"Medio de comunicaci\u00f3n","alternateName":"Prensa Video LLC","potentialAction":[{"@type":"SearchAction","target":{"@type":"EntryPoint","urlTemplate":"https:\/\/prensavideo.com\/?s={search_term_string}"},"query-input":{"@type":"PropertyValueSpecification","valueRequired":true,"valueName":"search_term_string"}}],"inLanguage":"es"}]}},"_links":{"self":[{"href":"https:\/\/prensavideo.com\/index.php?rest_route=\/wp\/v2\/pages\/1694","targetHints":{"allow":["GET"]}}],"collection":[{"href":"https:\/\/prensavideo.com\/index.php?rest_route=\/wp\/v2\/pages"}],"about":[{"href":"https:\/\/prensavideo.com\/index.php?rest_route=\/wp\/v2\/types\/page"}],"author":[{"embeddable":true,"href":"https:\/\/prensavideo.com\/index.php?rest_route=\/wp\/v2\/users\/1"}],"replies":[{"embeddable":true,"href":"https:\/\/prensavideo.com\/index.php?rest_route=%2Fwp%2Fv2%2Fcomments&post=1694"}],"version-history":[{"count":4,"href":"https:\/\/prensavideo.com\/index.php?rest_route=\/wp\/v2\/pages\/1694\/revisions"}],"predecessor-version":[{"id":1707,"href":"https:\/\/prensavideo.com\/index.php?rest_route=\/wp\/v2\/pages\/1694\/revisions\/1707"}],"wp:attachment":[{"href":"https:\/\/prensavideo.com\/index.php?rest_route=%2Fwp%2Fv2%2Fmedia&parent=1694"}],"curies":[{"name":"wp","href":"https:\/\/api.w.org\/{rel}","templated":true}]}}